{"id":9,"date":"2024-08-20T11:32:38","date_gmt":"2024-08-20T11:32:38","guid":{"rendered":"https:\/\/acodisa.deditec.dev\/?page_id=9"},"modified":"2024-08-21T11:29:56","modified_gmt":"2024-08-21T11:29:56","slug":"home","status":"publish","type":"page","link":"https:\/\/acodisa.deditec.dev\/","title":{"rendered":"Home"},"content":{"rendered":"\t\t<div data-elementor-type=\"wp-page\" data-elementor-id=\"9\" class=\"elementor elementor-9\" data-elementor-post-type=\"page\">\n\t\t\t\t<div class=\"elementor-element elementor-element-cba84c2 e-flex e-con-boxed e-con e-parent\" data-id=\"cba84c2\" data-element_type=\"container\">\n\t\t\t\t\t<div class=\"e-con-inner\">\n\t\t<div class=\"elementor-element elementor-element-74a128a e-con-full e-flex e-con e-child\" data-id=\"74a128a\" data-element_type=\"container\">\n\t\t\t\t<div class=\"elementor-element elementor-element-f8a9715 elementor-widget elementor-widget-text-editor\" data-id=\"f8a9715\" data-element_type=\"widget\" data-widget_type=\"text-editor.default\">\n\t\t\t\t<div class=\"elementor-widget-container\">\n\t\t\t<style>\/*! elementor - v3.23.0 - 05-08-2024 *\/\n.elementor-widget-text-editor.elementor-drop-cap-view-stacked .elementor-drop-cap{background-color:#69727d;color:#fff}.elementor-widget-text-editor.elementor-drop-cap-view-framed .elementor-drop-cap{color:#69727d;border:3px solid;background-color:transparent}.elementor-widget-text-editor:not(.elementor-drop-cap-view-default) .elementor-drop-cap{margin-top:8px}.elementor-widget-text-editor:not(.elementor-drop-cap-view-default) .elementor-drop-cap-letter{width:1em;height:1em}.elementor-widget-text-editor .elementor-drop-cap{float:left;text-align:center;line-height:1;font-size:50px}.elementor-widget-text-editor .elementor-drop-cap-letter{display:inline-block}<\/style>\t\t\t\t<header class=\"entry-header\"><span style=\"font-size: 16px;\">Bienvenidos a la p\u00e1gina web de Acodisa: Asociaci\u00f3n Andaluza de Comercializadores y Distribuidores de M\u00e1quinas Recreativa.<\/span><\/header>\t\t\t\t\t\t<\/div>\n\t\t\t\t<\/div>\n\t\t\t\t<div class=\"elementor-element elementor-element-b96c06b elementor-widget elementor-widget-image\" data-id=\"b96c06b\" data-element_type=\"widget\" data-widget_type=\"image.default\">\n\t\t\t\t<div class=\"elementor-widget-container\">\n\t\t\t<style>\/*! elementor - v3.23.0 - 05-08-2024 *\/\n.elementor-widget-image{text-align:center}.elementor-widget-image a{display:inline-block}.elementor-widget-image a img[src$=\".svg\"]{width:48px}.elementor-widget-image img{vertical-align:middle;display:inline-block}<\/style>\t\t\t\t\t\t\t\t\t\t<img fetchpriority=\"high\" decoding=\"async\" width=\"495\" height=\"323\" src=\"https:\/\/acodisa.deditec.dev\/wp-content\/uploads\/2024\/08\/mapa-asociados-acodisa.png\" class=\"attachment-large size-large wp-image-46\" alt=\"\" srcset=\"https:\/\/acodisa.deditec.dev\/wp-content\/uploads\/2024\/08\/mapa-asociados-acodisa.png 495w, https:\/\/acodisa.deditec.dev\/wp-content\/uploads\/2024\/08\/mapa-asociados-acodisa-300x196.png 300w, https:\/\/acodisa.deditec.dev\/wp-content\/uploads\/2024\/08\/mapa-asociados-acodisa-200x131.png 200w\" sizes=\"(max-width: 495px) 100vw, 495px\" \/>\t\t\t\t\t\t\t\t\t\t\t\t\t<\/div>\n\t\t\t\t<\/div>\n\t\t\t\t<div class=\"elementor-element elementor-element-c5802b5 elementor-widget elementor-widget-heading\" data-id=\"c5802b5\" data-element_type=\"widget\" data-widget_type=\"heading.default\">\n\t\t\t\t<div class=\"elementor-widget-container\">\n\t\t\t<style>\/*! elementor - v3.23.0 - 05-08-2024 *\/\n.elementor-heading-title{padding:0;margin:0;line-height:1}.elementor-widget-heading .elementor-heading-title[class*=elementor-size-]>a{color:inherit;font-size:inherit;line-height:inherit}.elementor-widget-heading .elementor-heading-title.elementor-size-small{font-size:15px}.elementor-widget-heading .elementor-heading-title.elementor-size-medium{font-size:19px}.elementor-widget-heading .elementor-heading-title.elementor-size-large{font-size:29px}.elementor-widget-heading .elementor-heading-title.elementor-size-xl{font-size:39px}.elementor-widget-heading .elementor-heading-title.elementor-size-xxl{font-size:59px}<\/style><h2 class=\"elementor-heading-title elementor-size-default\">Nuestros asociados<\/h2>\t\t<\/div>\n\t\t\t\t<\/div>\n\t\t\t\t<\/div>\n\t\t<div class=\"elementor-element elementor-element-4c08ae5 e-con-full e-flex e-con e-child\" data-id=\"4c08ae5\" data-element_type=\"container\">\n\t\t\t\t<div class=\"elementor-element elementor-element-5ebfddc elementor-pagination-position-outside elementor-widget elementor-widget-image-carousel\" data-id=\"5ebfddc\" data-element_type=\"widget\" data-settings=\"{&quot;slides_to_show&quot;:&quot;5&quot;,&quot;slides_to_scroll&quot;:&quot;1&quot;,&quot;navigation&quot;:&quot;dots&quot;,&quot;autoplay_speed&quot;:2000,&quot;autoplay&quot;:&quot;yes&quot;,&quot;pause_on_hover&quot;:&quot;yes&quot;,&quot;pause_on_interaction&quot;:&quot;yes&quot;,&quot;infinite&quot;:&quot;yes&quot;,&quot;speed&quot;:500}\" data-widget_type=\"image-carousel.default\">\n\t\t\t\t<div class=\"elementor-widget-container\">\n\t\t\t<style>\/*! elementor - v3.23.0 - 05-08-2024 *\/\n.elementor-widget-image-carousel .swiper,.elementor-widget-image-carousel .swiper-container{position:static}.elementor-widget-image-carousel .swiper-container .swiper-slide figure,.elementor-widget-image-carousel .swiper .swiper-slide figure{line-height:inherit}.elementor-widget-image-carousel .swiper-slide{text-align:center}.elementor-image-carousel-wrapper:not(.swiper-container-initialized):not(.swiper-initialized) .swiper-slide{max-width:calc(100% \/ var(--e-image-carousel-slides-to-show, 3))}<\/style>\t\t<div class=\"elementor-image-carousel-wrapper swiper\" dir=\"ltr\">\n\t\t\t<div class=\"elementor-image-carousel swiper-wrapper swiper-image-stretch\" aria-live=\"off\">\n\t\t\t\t\t\t\t\t<div class=\"swiper-slide\" role=\"group\" aria-roledescription=\"slide\" aria-label=\"1 de 23\"><figure class=\"swiper-slide-inner\"><img decoding=\"async\" class=\"swiper-slide-image\" src=\"https:\/\/acodisa.deditec.dev\/wp-content\/uploads\/2024\/08\/LOGO-final-jepg-2-1024x878-1.jpg\" alt=\"LOGO-final-jepg-2-1024x878 (1)\" \/><\/figure><\/div><div class=\"swiper-slide\" role=\"group\" aria-roledescription=\"slide\" aria-label=\"2 de 23\"><figure class=\"swiper-slide-inner\"><img decoding=\"async\" class=\"swiper-slide-image\" src=\"https:\/\/acodisa.deditec.dev\/wp-content\/uploads\/2024\/08\/Novomatic-Spain-2017_rgb-1024x224-1.jpg\" alt=\"Novomatic-Spain-2017_rgb-1024x224\" \/><\/figure><\/div><div class=\"swiper-slide\" role=\"group\" aria-roledescription=\"slide\" aria-label=\"3 de 23\"><figure class=\"swiper-slide-inner\"><img decoding=\"async\" class=\"swiper-slide-image\" src=\"https:\/\/acodisa.deditec.dev\/wp-content\/uploads\/2024\/08\/logo-canora.png\" alt=\"logo-canora\" \/><\/figure><\/div><div class=\"swiper-slide\" role=\"group\" aria-roledescription=\"slide\" aria-label=\"4 de 23\"><figure class=\"swiper-slide-inner\"><img decoding=\"async\" class=\"swiper-slide-image\" src=\"https:\/\/acodisa.deditec.dev\/wp-content\/uploads\/2024\/08\/grupoOrenes.png\" alt=\"grupoOrenes\" \/><\/figure><\/div><div class=\"swiper-slide\" role=\"group\" aria-roledescription=\"slide\" aria-label=\"5 de 23\"><figure class=\"swiper-slide-inner\"><img decoding=\"async\" class=\"swiper-slide-image\" src=\"https:\/\/acodisa.deditec.dev\/wp-content\/uploads\/2024\/08\/egasa.png\" alt=\"egasa\" \/><\/figure><\/div><div class=\"swiper-slide\" role=\"group\" aria-roledescription=\"slide\" aria-label=\"6 de 23\"><figure class=\"swiper-slide-inner\"><img decoding=\"async\" class=\"swiper-slide-image\" src=\"https:\/\/acodisa.deditec.dev\/wp-content\/uploads\/2024\/08\/dirsan2006.png\" alt=\"dirsan2006\" \/><\/figure><\/div><div class=\"swiper-slide\" role=\"group\" aria-roledescription=\"slide\" aria-label=\"7 de 23\"><figure class=\"swiper-slide-inner\"><img decoding=\"async\" class=\"swiper-slide-image\" src=\"https:\/\/acodisa.deditec.dev\/wp-content\/uploads\/2024\/08\/cocamatic.png\" alt=\"cocamatic\" \/><\/figure><\/div><div class=\"swiper-slide\" role=\"group\" aria-roledescription=\"slide\" aria-label=\"8 de 23\"><figure class=\"swiper-slide-inner\"><img decoding=\"async\" class=\"swiper-slide-image\" src=\"https:\/\/acodisa.deditec.dev\/wp-content\/uploads\/2024\/08\/logo-merkur-dosniha.jpg\" alt=\"logo-merkur-dosniha\" \/><\/figure><\/div><div class=\"swiper-slide\" role=\"group\" aria-roledescription=\"slide\" aria-label=\"9 de 23\"><figure class=\"swiper-slide-inner\"><img decoding=\"async\" class=\"swiper-slide-image\" src=\"https:\/\/acodisa.deditec.dev\/wp-content\/uploads\/2024\/08\/vid.png\" alt=\"vid\" \/><\/figure><\/div><div class=\"swiper-slide\" role=\"group\" aria-roledescription=\"slide\" aria-label=\"10 de 23\"><figure class=\"swiper-slide-inner\"><img decoding=\"async\" class=\"swiper-slide-image\" src=\"https:\/\/acodisa.deditec.dev\/wp-content\/uploads\/2024\/08\/Screenshot-at-Jul-19-09-51-02-1024x203-1.png\" alt=\"Screenshot-at-Jul-19-09-51-02-1024x203\" \/><\/figure><\/div><div class=\"swiper-slide\" role=\"group\" aria-roledescription=\"slide\" aria-label=\"11 de 23\"><figure class=\"swiper-slide-inner\"><img decoding=\"async\" class=\"swiper-slide-image\" src=\"https:\/\/acodisa.deditec.dev\/wp-content\/uploads\/2024\/08\/billaresSanchezSierra.png\" alt=\"billaresSanchezSierra\" \/><\/figure><\/div><div class=\"swiper-slide\" role=\"group\" aria-roledescription=\"slide\" aria-label=\"12 de 23\"><figure class=\"swiper-slide-inner\"><img decoding=\"async\" class=\"swiper-slide-image\" src=\"https:\/\/acodisa.deditec.dev\/wp-content\/uploads\/2024\/08\/diperama2.png\" alt=\"diperama2\" \/><\/figure><\/div><div class=\"swiper-slide\" role=\"group\" aria-roledescription=\"slide\" aria-label=\"13 de 23\"><figure class=\"swiper-slide-inner\"><img decoding=\"async\" class=\"swiper-slide-image\" src=\"https:\/\/acodisa.deditec.dev\/wp-content\/uploads\/2024\/08\/lotoline2.png\" alt=\"lotoline2\" \/><\/figure><\/div><div class=\"swiper-slide\" role=\"group\" aria-roledescription=\"slide\" aria-label=\"14 de 23\"><figure class=\"swiper-slide-inner\"><img decoding=\"async\" class=\"swiper-slide-image\" src=\"https:\/\/acodisa.deditec.dev\/wp-content\/uploads\/2024\/08\/acodisa-e1527610522930.png\" alt=\"acodisa-e1527610522930\" \/><\/figure><\/div><div class=\"swiper-slide\" role=\"group\" aria-roledescription=\"slide\" aria-label=\"15 de 23\"><figure class=\"swiper-slide-inner\"><img decoding=\"async\" class=\"swiper-slide-image\" src=\"https:\/\/acodisa.deditec.dev\/wp-content\/uploads\/2024\/08\/recreativosHermanosBlancos2.png\" alt=\"recreativosHermanosBlancos2\" \/><\/figure><\/div><div class=\"swiper-slide\" role=\"group\" aria-roledescription=\"slide\" aria-label=\"16 de 23\"><figure class=\"swiper-slide-inner\"><img decoding=\"async\" class=\"swiper-slide-image\" src=\"https:\/\/acodisa.deditec.dev\/wp-content\/uploads\/2024\/08\/perezCivico.png\" alt=\"perezCivico\" \/><\/figure><\/div><div class=\"swiper-slide\" role=\"group\" aria-roledescription=\"slide\" aria-label=\"17 de 23\"><figure class=\"swiper-slide-inner\"><img decoding=\"async\" class=\"swiper-slide-image\" src=\"https:\/\/acodisa.deditec.dev\/wp-content\/uploads\/2024\/08\/Logo-Gigames.jpg\" alt=\"Logo-Gigames\" \/><\/figure><\/div><div class=\"swiper-slide\" role=\"group\" aria-roledescription=\"slide\" aria-label=\"18 de 23\"><figure class=\"swiper-slide-inner\"><img decoding=\"async\" class=\"swiper-slide-image\" src=\"https:\/\/acodisa.deditec.dev\/wp-content\/uploads\/2024\/08\/logo-pej.jpg\" alt=\"logo-pej\" \/><\/figure><\/div><div class=\"swiper-slide\" role=\"group\" aria-roledescription=\"slide\" aria-label=\"19 de 23\"><figure class=\"swiper-slide-inner\"><img decoding=\"async\" class=\"swiper-slide-image\" src=\"https:\/\/acodisa.deditec.dev\/wp-content\/uploads\/2024\/08\/Screenshot_20161227_132104-1024x177-1.png\" alt=\"Screenshot_20161227_132104-1024x177\" \/><\/figure><\/div><div class=\"swiper-slide\" role=\"group\" aria-roledescription=\"slide\" aria-label=\"20 de 23\"><figure class=\"swiper-slide-inner\"><img decoding=\"async\" class=\"swiper-slide-image\" src=\"https:\/\/acodisa.deditec.dev\/wp-content\/uploads\/2024\/08\/servimasur2.png\" alt=\"servimasur2\" \/><\/figure><\/div><div class=\"swiper-slide\" role=\"group\" aria-roledescription=\"slide\" aria-label=\"21 de 23\"><figure class=\"swiper-slide-inner\"><img decoding=\"async\" class=\"swiper-slide-image\" src=\"https:\/\/acodisa.deditec.dev\/wp-content\/uploads\/2024\/08\/ogamare2.png\" alt=\"ogamare2\" \/><\/figure><\/div><div class=\"swiper-slide\" role=\"group\" aria-roledescription=\"slide\" aria-label=\"22 de 23\"><figure class=\"swiper-slide-inner\"><img decoding=\"async\" class=\"swiper-slide-image\" src=\"https:\/\/acodisa.deditec.dev\/wp-content\/uploads\/2024\/08\/protecsur.png\" alt=\"protecsur\" \/><\/figure><\/div><div class=\"swiper-slide\" role=\"group\" aria-roledescription=\"slide\" aria-label=\"23 de 23\"><figure class=\"swiper-slide-inner\"><img decoding=\"async\" class=\"swiper-slide-image\" src=\"https:\/\/acodisa.deditec.dev\/wp-content\/uploads\/2024\/08\/unidesa-3D-e1441190375685.jpg\" alt=\"unidesa-3D-e1441190375685\" \/><\/figure><\/div>\t\t\t<\/div>\n\t\t\t\t\t\t\t\n\t\t\t\t\t\t\t\t\t<div class=\"swiper-pagination\"><\/div>\n\t\t\t\t\t\t\t\t\t<\/div>\n\t\t\t\t<\/div>\n\t\t\t\t<\/div>\n\t\t\t\t<\/div>\n\t\t\t\t\t<\/div>\n\t\t\t\t<\/div>\n\t\t<div class=\"elementor-element elementor-element-2fd60fe e-con-full e-flex e-con e-parent\" data-id=\"2fd60fe\" data-element_type=\"container\">\n\t\t<div class=\"elementor-element elementor-element-8a537b1 e-con-full e-flex e-con e-child\" data-id=\"8a537b1\" data-element_type=\"container\">\n\t\t\t\t<div class=\"elementor-element elementor-element-948969e elementor-widget elementor-widget-text-editor\" data-id=\"948969e\" data-element_type=\"widget\" data-widget_type=\"text-editor.default\">\n\t\t\t\t<div class=\"elementor-widget-container\">\n\t\t\t\t\t\t\t<p><a href=\"https:\/\/acodisa.deditec.dev\/index.php\/politica-de-privacidad\/\" target=\"\u201d_blank\u201d\" rel=\"nofollow\">Pol\u00edtica de privacidad<\/a>\u00a0|\u00a0Pol\u00edtica de cookies\u00a0|<a href=\"https:\/\/acodisa.deditec.dev\/index.php\/aviso-legal\/\">\u00a0Aviso Legal<\/a>\u00a0|\u00a0<a href=\"https:\/\/dapda.com\/\" target=\"\u201d_blank\u201d\">Dapda.com \u00a9<\/a><\/p>\t\t\t\t\t\t<\/div>\n\t\t\t\t<\/div>\n\t\t\t\t<\/div>\n\t\t<div class=\"elementor-element elementor-element-6ad0739 e-con-full e-flex e-con e-child\" data-id=\"6ad0739\" data-element_type=\"container\">\n\t\t\t\t<\/div>\n\t\t\t\t<\/div>\n\t\t<div class=\"elementor-element elementor-element-c48cc7c e-con-full e-flex e-con e-parent\" data-id=\"c48cc7c\" data-element_type=\"container\" data-settings=\"{&quot;background_background&quot;:&quot;classic&quot;}\">\n\t\t<div class=\"elementor-element elementor-element-a092612 e-con-full e-flex e-con e-child\" data-id=\"a092612\" data-element_type=\"container\">\n\t\t\t\t<div class=\"elementor-element elementor-element-86feb1c elementor-widget elementor-widget-text-editor\" data-id=\"86feb1c\" data-element_type=\"widget\" data-widget_type=\"text-editor.default\">\n\t\t\t\t<div class=\"elementor-widget-container\">\n\t\t\t\t\t\t\t<div class=\"footercopy\"><span style=\"color: #ffffff;\"><a style=\"color: #ffffff;\" href=\"https:\/\/dapda.com\/\" target=\"\u201d_blank\u201d\">2020 \u00a9, by\u00a0<\/a><a style=\"color: #ffffff;\" href=\"https:\/\/deditec.es\/\"><strong>deditec.es<\/strong><\/a><\/span><\/div>\t\t\t\t\t\t<\/div>\n\t\t\t\t<\/div>\n\t\t\t\t<\/div>\n\t\t<div class=\"elementor-element elementor-element-154ca66 e-con-full e-flex e-con e-child\" data-id=\"154ca66\" data-element_type=\"container\">\n\t\t\t\t<div class=\"elementor-element elementor-element-7fa3d5d elementor-widget elementor-widget-text-editor\" data-id=\"7fa3d5d\" data-element_type=\"widget\" data-widget_type=\"text-editor.default\">\n\t\t\t\t<div class=\"elementor-widget-container\">\n\t\t\t\t\t\t\t<p style=\"text-align: right;\"><span style=\"color: #ffffff;\"><a style=\"color: #ffffff;\" href=\"https:\/\/acodisa.deditec.dev\/index.php\/aviso-legal\/\">Aviso Legal<\/a>\u00a0|\u00a0Mapa Web<\/span><\/p>\t\t\t\t\t\t<\/div>\n\t\t\t\t<\/div>\n\t\t\t\t<\/div>\n\t\t\t\t<\/div>\n\t\t\t\t<\/div>\n\t\t","protected":false},"excerpt":{"rendered":"<p>Bienvenidos a la p\u00e1gina web de Acodisa: Asociaci\u00f3n Andaluza de Comercializadores y Distribuidores de M\u00e1quinas Recreativa. Nuestros asociados Pol\u00edtica de privacidad\u00a0|\u00a0Pol\u00edtica de cookies\u00a0|\u00a0Aviso Legal\u00a0|\u00a0Dapda.com \u00a9 2020 \u00a9, by\u00a0deditec.es Aviso Legal\u00a0|\u00a0Mapa Web<\/p>\n","protected":false},"author":1,"featured_media":0,"parent":0,"menu_order":0,"comment_status":"closed","ping_status":"closed","template":"","meta":{"footnotes":""},"class_list":["post-9","page","type-page","status-publish","hentry"],"_links":{"self":[{"href":"https:\/\/acodisa.deditec.dev\/index.php\/wp-json\/wp\/v2\/pages\/9","targetHints":{"allow":["GET"]}}],"collection":[{"href":"https:\/\/acodisa.deditec.dev\/index.php\/wp-json\/wp\/v2\/pages"}],"about":[{"href":"https:\/\/acodisa.deditec.dev\/index.php\/wp-json\/wp\/v2\/types\/page"}],"author":[{"embeddable":true,"href":"https:\/\/acodisa.deditec.dev\/index.php\/wp-json\/wp\/v2\/users\/1"}],"replies":[{"embeddable":true,"href":"https:\/\/acodisa.deditec.dev\/index.php\/wp-json\/wp\/v2\/comments?post=9"}],"version-history":[{"count":49,"href":"https:\/\/acodisa.deditec.dev\/index.php\/wp-json\/wp\/v2\/pages\/9\/revisions"}],"predecessor-version":[{"id":600,"href":"https:\/\/acodisa.deditec.dev\/index.php\/wp-json\/wp\/v2\/pages\/9\/revisions\/600"}],"wp:attachment":[{"href":"https:\/\/acodisa.deditec.dev\/index.php\/wp-json\/wp\/v2\/media?parent=9"}],"curies":[{"name":"wp","href":"https:\/\/api.w.org\/{rel}","templated":true}]}}