{"id":13,"date":"2024-08-20T11:33:17","date_gmt":"2024-08-20T11:33:17","guid":{"rendered":"https:\/\/acodisa.deditec.dev\/?page_id=13"},"modified":"2024-08-21T11:34:52","modified_gmt":"2024-08-21T11:34:52","slug":"organos","status":"publish","type":"page","link":"https:\/\/acodisa.deditec.dev\/index.php\/organos\/","title":{"rendered":"\u00d3rganos"},"content":{"rendered":"\t\t<div data-elementor-type=\"wp-page\" data-elementor-id=\"13\" class=\"elementor elementor-13\" data-elementor-post-type=\"page\">\n\t\t\t\t<div class=\"elementor-element elementor-element-6bab313 e-flex e-con-boxed e-con e-parent\" data-id=\"6bab313\" data-element_type=\"container\">\n\t\t\t\t\t<div class=\"e-con-inner\">\n\t\t\t\t<div class=\"elementor-element elementor-element-e43c13e elementor-widget elementor-widget-text-editor\" data-id=\"e43c13e\" data-element_type=\"widget\" data-widget_type=\"text-editor.default\">\n\t\t\t\t<div class=\"elementor-widget-container\">\n\t\t\t<style>\/*! elementor - v3.23.0 - 05-08-2024 *\/\n.elementor-widget-text-editor.elementor-drop-cap-view-stacked .elementor-drop-cap{background-color:#69727d;color:#fff}.elementor-widget-text-editor.elementor-drop-cap-view-framed .elementor-drop-cap{color:#69727d;border:3px solid;background-color:transparent}.elementor-widget-text-editor:not(.elementor-drop-cap-view-default) .elementor-drop-cap{margin-top:8px}.elementor-widget-text-editor:not(.elementor-drop-cap-view-default) .elementor-drop-cap-letter{width:1em;height:1em}.elementor-widget-text-editor .elementor-drop-cap{float:left;text-align:center;line-height:1;font-size:50px}.elementor-widget-text-editor .elementor-drop-cap-letter{display:inline-block}<\/style>\t\t\t\t<p><strong>Organizaci\u00f3n<\/strong>: Los \u00f3rganos de la asociaci\u00f3n son los siguientes<\/p><p><strong>Asamblea<\/strong>: Todas las decisiones de la asociaci\u00f3n se adoptan en asamblea por lo que son muy frecuentes sus reuniones, lo que contribuye a que exista un fluido intercambio de conocimientos e informaci\u00f3n entre sus asociados.<\/p><p><strong>Junta Directiva compuesta por<\/strong>:<\/p><ul><li><strong>Presidente<\/strong>: Enrique Rosas Berlanga (PLAYSOL)<\/li><li><strong>Vicepresidente<\/strong>: Jos\u00e9 Blanco Pe\u00f1a (RVOS HNOS BLANCO)<\/li><li><strong>Secretario<\/strong>: Bonifacio Aparicio Casado (Servimac Sur)<\/li><li><strong>Tesorero<\/strong>: Alberto Rodr\u00edguez Riego (COGAMARE)<\/li><li><strong>Vocal<\/strong>: Esteban Cano Ramos (SET Canora 2011)<\/li><li class=\"x_MsoNormal\"><b>Vocal:<\/b>\u00a0Francisco Javier Garc\u00eda Guirado<\/li><li><strong>Secretario t\u00e9cnico:\u00a0<\/strong>Luis Escribano Zafra<\/li><\/ul>\t\t\t\t\t\t<\/div>\n\t\t\t\t<\/div>\n\t\t\t\t<div class=\"elementor-element elementor-element-846dfa1 elementor-widget elementor-widget-spacer\" data-id=\"846dfa1\" data-element_type=\"widget\" data-widget_type=\"spacer.default\">\n\t\t\t\t<div class=\"elementor-widget-container\">\n\t\t\t<style>\/*! elementor - v3.23.0 - 05-08-2024 *\/\n.elementor-column .elementor-spacer-inner{height:var(--spacer-size)}.e-con{--container-widget-width:100%}.e-con-inner>.elementor-widget-spacer,.e-con>.elementor-widget-spacer{width:var(--container-widget-width,var(--spacer-size));--align-self:var(--container-widget-align-self,initial);--flex-shrink:0}.e-con-inner>.elementor-widget-spacer>.elementor-widget-container,.e-con>.elementor-widget-spacer>.elementor-widget-container{height:100%;width:100%}.e-con-inner>.elementor-widget-spacer>.elementor-widget-container>.elementor-spacer,.e-con>.elementor-widget-spacer>.elementor-widget-container>.elementor-spacer{height:100%}.e-con-inner>.elementor-widget-spacer>.elementor-widget-container>.elementor-spacer>.elementor-spacer-inner,.e-con>.elementor-widget-spacer>.elementor-widget-container>.elementor-spacer>.elementor-spacer-inner{height:var(--container-widget-height,var(--spacer-size))}.e-con-inner>.elementor-widget-spacer.elementor-widget-empty,.e-con>.elementor-widget-spacer.elementor-widget-empty{position:relative;min-height:22px;min-width:22px}.e-con-inner>.elementor-widget-spacer.elementor-widget-empty .elementor-widget-empty-icon,.e-con>.elementor-widget-spacer.elementor-widget-empty .elementor-widget-empty-icon{position:absolute;top:0;bottom:0;left:0;right:0;margin:auto;padding:0;width:22px;height:22px}<\/style>\t\t<div class=\"elementor-spacer\">\n\t\t\t<div class=\"elementor-spacer-inner\"><\/div>\n\t\t<\/div>\n\t\t\t\t<\/div>\n\t\t\t\t<\/div>\n\t\t\t\t\t<\/div>\n\t\t\t\t<\/div>\n\t\t<div class=\"elementor-element elementor-element-9a8e9d0 e-con-full e-flex e-con e-parent\" data-id=\"9a8e9d0\" data-element_type=\"container\">\n\t\t<div class=\"elementor-element elementor-element-8423373 e-con-full e-flex e-con e-child\" data-id=\"8423373\" data-element_type=\"container\">\n\t\t\t\t<div class=\"elementor-element elementor-element-a5939d7 elementor-widget elementor-widget-text-editor\" data-id=\"a5939d7\" data-element_type=\"widget\" data-widget_type=\"text-editor.default\">\n\t\t\t\t<div class=\"elementor-widget-container\">\n\t\t\t\t\t\t\t<p><a href=\"https:\/\/acodisa.deditec.dev\/index.php\/politica-de-privacidad\/\" target=\"\u201d_blank\u201d\" rel=\"nofollow\">Pol\u00edtica de privacidad<\/a>\u00a0|\u00a0Pol\u00edtica de cookies\u00a0|\u00a0<a href=\"https:\/\/acodisa.deditec.dev\/index.php\/aviso-legal\/\">Aviso Legal<\/a>\u00a0|\u00a0<a href=\"https:\/\/dapda.com\/\" target=\"\u201d_blank\u201d\">Dapda.com \u00a9<\/a><\/p>\t\t\t\t\t\t<\/div>\n\t\t\t\t<\/div>\n\t\t\t\t<\/div>\n\t\t<div class=\"elementor-element elementor-element-eb55519 e-con-full e-flex e-con e-child\" data-id=\"eb55519\" data-element_type=\"container\">\n\t\t\t\t<\/div>\n\t\t\t\t<\/div>\n\t\t<div class=\"elementor-element elementor-element-c4b978d e-con-full e-flex e-con e-parent\" data-id=\"c4b978d\" data-element_type=\"container\" data-settings=\"{&quot;background_background&quot;:&quot;classic&quot;}\">\n\t\t<div class=\"elementor-element elementor-element-bce1d27 e-con-full e-flex e-con e-child\" data-id=\"bce1d27\" data-element_type=\"container\">\n\t\t\t\t<div class=\"elementor-element elementor-element-9101d3d elementor-widget elementor-widget-text-editor\" data-id=\"9101d3d\" data-element_type=\"widget\" data-widget_type=\"text-editor.default\">\n\t\t\t\t<div class=\"elementor-widget-container\">\n\t\t\t\t\t\t\t<div class=\"footercopy\"><span style=\"color: #ffffff;\"><a style=\"color: #ffffff;\" href=\"https:\/\/dapda.com\/\" target=\"\u201d_blank\u201d\">2020 \u00a9, by\u00a0<\/a><a style=\"color: #ffffff;\" href=\"https:\/\/deditec.es\/\"><strong>deditec.es<\/strong><\/a><\/span><\/div>\t\t\t\t\t\t<\/div>\n\t\t\t\t<\/div>\n\t\t\t\t<\/div>\n\t\t<div class=\"elementor-element elementor-element-b202213 e-con-full e-flex e-con e-child\" data-id=\"b202213\" data-element_type=\"container\">\n\t\t\t\t<div class=\"elementor-element elementor-element-09ac045 elementor-widget elementor-widget-text-editor\" data-id=\"09ac045\" data-element_type=\"widget\" data-widget_type=\"text-editor.default\">\n\t\t\t\t<div class=\"elementor-widget-container\">\n\t\t\t\t\t\t\t<p style=\"text-align: right;\"><span style=\"color: #ffffff;\"><a style=\"color: #ffffff;\" href=\"https:\/\/acodisa.deditec.dev\/index.php\/aviso-legal\/\">Aviso Legal<\/a>\u00a0|\u00a0Mapa Web<\/span><\/p>\t\t\t\t\t\t<\/div>\n\t\t\t\t<\/div>\n\t\t\t\t<\/div>\n\t\t\t\t<\/div>\n\t\t\t\t<\/div>\n\t\t","protected":false},"excerpt":{"rendered":"<p>Organizaci\u00f3n: Los \u00f3rganos de la asociaci\u00f3n son los siguientes Asamblea: Todas las decisiones de la asociaci\u00f3n se adoptan en asamblea por lo que son muy frecuentes sus reuniones, lo que contribuye a que exista un fluido intercambio de conocimientos e informaci\u00f3n entre sus asociados. Junta Directiva compuesta por: Presidente: Enrique Rosas Berlanga (PLAYSOL) Vicepresidente: Jos\u00e9 [&hellip;]<\/p>\n","protected":false},"author":1,"featured_media":0,"parent":0,"menu_order":0,"comment_status":"closed","ping_status":"closed","template":"","meta":{"footnotes":""},"class_list":["post-13","page","type-page","status-publish","hentry"],"_links":{"self":[{"href":"https:\/\/acodisa.deditec.dev\/index.php\/wp-json\/wp\/v2\/pages\/13","targetHints":{"allow":["GET"]}}],"collection":[{"href":"https:\/\/acodisa.deditec.dev\/index.php\/wp-json\/wp\/v2\/pages"}],"about":[{"href":"https:\/\/acodisa.deditec.dev\/index.php\/wp-json\/wp\/v2\/types\/page"}],"author":[{"embeddable":true,"href":"https:\/\/acodisa.deditec.dev\/index.php\/wp-json\/wp\/v2\/users\/1"}],"replies":[{"embeddable":true,"href":"https:\/\/acodisa.deditec.dev\/index.php\/wp-json\/wp\/v2\/comments?post=13"}],"version-history":[{"count":25,"href":"https:\/\/acodisa.deditec.dev\/index.php\/wp-json\/wp\/v2\/pages\/13\/revisions"}],"predecessor-version":[{"id":609,"href":"https:\/\/acodisa.deditec.dev\/index.php\/wp-json\/wp\/v2\/pages\/13\/revisions\/609"}],"wp:attachment":[{"href":"https:\/\/acodisa.deditec.dev\/index.php\/wp-json\/wp\/v2\/media?parent=13"}],"curies":[{"name":"wp","href":"https:\/\/api.w.org\/{rel}","templated":true}]}}