{"id":11,"date":"2024-08-20T11:33:00","date_gmt":"2024-08-20T11:33:00","guid":{"rendered":"https:\/\/acodisa.deditec.dev\/?page_id=11"},"modified":"2024-08-21T11:31:12","modified_gmt":"2024-08-21T11:31:12","slug":"quienes-somos","status":"publish","type":"page","link":"https:\/\/acodisa.deditec.dev\/index.php\/quienes-somos\/","title":{"rendered":"Qui\u00e9nes somos"},"content":{"rendered":"\t\t<div data-elementor-type=\"wp-page\" data-elementor-id=\"11\" class=\"elementor elementor-11\" data-elementor-post-type=\"page\">\n\t\t\t\t<div class=\"elementor-element elementor-element-b70041b e-flex e-con-boxed e-con e-parent\" data-id=\"b70041b\" data-element_type=\"container\">\n\t\t\t\t\t<div class=\"e-con-inner\">\n\t\t\t\t<div class=\"elementor-element elementor-element-1b43d71 elementor-widget elementor-widget-text-editor\" data-id=\"1b43d71\" data-element_type=\"widget\" data-widget_type=\"text-editor.default\">\n\t\t\t\t<div class=\"elementor-widget-container\">\n\t\t\t<style>\/*! elementor - v3.23.0 - 05-08-2024 *\/\n.elementor-widget-text-editor.elementor-drop-cap-view-stacked .elementor-drop-cap{background-color:#69727d;color:#fff}.elementor-widget-text-editor.elementor-drop-cap-view-framed .elementor-drop-cap{color:#69727d;border:3px solid;background-color:transparent}.elementor-widget-text-editor:not(.elementor-drop-cap-view-default) .elementor-drop-cap{margin-top:8px}.elementor-widget-text-editor:not(.elementor-drop-cap-view-default) .elementor-drop-cap-letter{width:1em;height:1em}.elementor-widget-text-editor .elementor-drop-cap{float:left;text-align:center;line-height:1;font-size:50px}.elementor-widget-text-editor .elementor-drop-cap-letter{display:inline-block}<\/style>\t\t\t\t<div class=\"entry-content\"><p>En 1.988 se constituye la SOCIACION ANDALUZA DE COMERCIALIZADORES Y DISTRIBUIDORES DE MAQUINAS RECREATIVAS<\/p><p>Como organizaci\u00f3n empresarial, independiente y de sector, que agrupa a la pr\u00e1ctica totalidad de las empresas que realizan actividades de comercializaci\u00f3n en la Comunidad Aut\u00f3noma de Andaluc\u00eda, ACODISA tiene como objetivos la defensa de los intereses generales del subsector y su representaci\u00f3n ante la administraci\u00f3n auton\u00f3mica.<\/p><br \/><a href=\"https:\/\/acodisa.es\/wp-content\/uploads\/sites\/7\/2015\/05\/propuesta-de-logo.jpg\"><img fetchpriority=\"high\" decoding=\"async\" class=\"alignmiddle size-full wp-image-18 aligncenter\" src=\"https:\/\/acodisa.es\/wp-content\/uploads\/sites\/7\/2015\/05\/propuesta-de-logo.jpg\" sizes=\"(max-width: 637px) 100vw, 637px\" srcset=\"https:\/\/acodisa.es\/wp-content\/uploads\/sites\/7\/2015\/05\/propuesta-de-logo.jpg 637w, https:\/\/acodisa.es\/wp-content\/uploads\/sites\/7\/2015\/05\/propuesta-de-logo-295x300.jpg 295w\" alt=\"propuesta de logo\" width=\"637\" height=\"647\" \/><\/a><\/div>\t\t\t\t\t\t<\/div>\n\t\t\t\t<\/div>\n\t\t\t\t\t<\/div>\n\t\t\t\t<\/div>\n\t\t<div class=\"elementor-element elementor-element-55e2e66 e-con-full e-flex e-con e-parent\" data-id=\"55e2e66\" data-element_type=\"container\">\n\t\t<div class=\"elementor-element elementor-element-7753e1f e-con-full e-flex e-con e-child\" data-id=\"7753e1f\" data-element_type=\"container\">\n\t\t\t\t<div class=\"elementor-element elementor-element-90ea236 elementor-widget elementor-widget-text-editor\" data-id=\"90ea236\" data-element_type=\"widget\" data-widget_type=\"text-editor.default\">\n\t\t\t\t<div class=\"elementor-widget-container\">\n\t\t\t\t\t\t\t<p><a href=\"https:\/\/acodisa.deditec.dev\/index.php\/politica-de-privacidad\/\" target=\"\u201d_blank\u201d\" rel=\"nofollow\">Pol\u00edtica de privacidad<\/a>\u00a0|\u00a0<a href=\"https:\/\/acodisa.es\/politica-de-cookies\" target=\"\u201d_blank\u201d\" rel=\"nofollow\">P<\/a>o<a href=\"https:\/\/acodisa.es\/politica-de-cookies\" target=\"\u201d_blank\u201d\" rel=\"nofollow\">l\u00edtica de cookies<\/a>\u00a0|\u00a0<a href=\"https:\/\/acodisa.deditec.dev\/index.php\/aviso-legal\/\">Aviso Legal<\/a>\u00a0|\u00a0<a href=\"https:\/\/dapda.com\/\" target=\"\u201d_blank\u201d\">Dapda.com \u00a9<\/a><\/p>\t\t\t\t\t\t<\/div>\n\t\t\t\t<\/div>\n\t\t\t\t<\/div>\n\t\t<div class=\"elementor-element elementor-element-eac32e1 e-con-full e-flex e-con e-child\" data-id=\"eac32e1\" data-element_type=\"container\">\n\t\t\t\t<\/div>\n\t\t\t\t<\/div>\n\t\t<div class=\"elementor-element elementor-element-788a569 e-con-full e-flex e-con e-parent\" data-id=\"788a569\" data-element_type=\"container\" data-settings=\"{&quot;background_background&quot;:&quot;classic&quot;}\">\n\t\t<div class=\"elementor-element elementor-element-427e35c e-con-full e-flex e-con e-child\" data-id=\"427e35c\" data-element_type=\"container\">\n\t\t\t\t<div class=\"elementor-element elementor-element-6adda4a elementor-widget elementor-widget-text-editor\" data-id=\"6adda4a\" data-element_type=\"widget\" data-widget_type=\"text-editor.default\">\n\t\t\t\t<div class=\"elementor-widget-container\">\n\t\t\t\t\t\t\t<div class=\"footercopy\"><span style=\"color: #ffffff;\"><a style=\"color: #ffffff;\" href=\"https:\/\/dapda.com\/\" target=\"\u201d_blank\u201d\">2020 \u00a9, by\u00a0<\/a><a style=\"color: #ffffff;\" href=\"https:\/\/deditec.es\/\"><strong>deditec.es<\/strong><\/a><\/span><\/div>\t\t\t\t\t\t<\/div>\n\t\t\t\t<\/div>\n\t\t\t\t<\/div>\n\t\t<div class=\"elementor-element elementor-element-46c438d e-con-full e-flex e-con e-child\" data-id=\"46c438d\" data-element_type=\"container\">\n\t\t\t\t<div class=\"elementor-element elementor-element-1bf4326 elementor-widget elementor-widget-text-editor\" data-id=\"1bf4326\" data-element_type=\"widget\" data-widget_type=\"text-editor.default\">\n\t\t\t\t<div class=\"elementor-widget-container\">\n\t\t\t\t\t\t\t<p style=\"text-align: right;\"><span style=\"color: #ffffff;\"><a style=\"color: #ffffff;\" href=\"https:\/\/acodisa.deditec.dev\/index.php\/aviso-legal\/\">Aviso Legal<\/a>\u00a0|\u00a0Mapa Web<\/span><\/p>\t\t\t\t\t\t<\/div>\n\t\t\t\t<\/div>\n\t\t\t\t<\/div>\n\t\t\t\t<\/div>\n\t\t\t\t<\/div>\n\t\t","protected":false},"excerpt":{"rendered":"<p>En 1.988 se constituye la SOCIACION ANDALUZA DE COMERCIALIZADORES Y DISTRIBUIDORES DE MAQUINAS RECREATIVAS Como organizaci\u00f3n empresarial, independiente y de sector, que agrupa a la pr\u00e1ctica totalidad de las empresas que realizan actividades de comercializaci\u00f3n en la Comunidad Aut\u00f3noma de Andaluc\u00eda, ACODISA tiene como objetivos la defensa de los intereses generales del subsector y su [&hellip;]<\/p>\n","protected":false},"author":1,"featured_media":0,"parent":0,"menu_order":0,"comment_status":"closed","ping_status":"closed","template":"","meta":{"footnotes":""},"class_list":["post-11","page","type-page","status-publish","hentry"],"_links":{"self":[{"href":"https:\/\/acodisa.deditec.dev\/index.php\/wp-json\/wp\/v2\/pages\/11","targetHints":{"allow":["GET"]}}],"collection":[{"href":"https:\/\/acodisa.deditec.dev\/index.php\/wp-json\/wp\/v2\/pages"}],"about":[{"href":"https:\/\/acodisa.deditec.dev\/index.php\/wp-json\/wp\/v2\/types\/page"}],"author":[{"embeddable":true,"href":"https:\/\/acodisa.deditec.dev\/index.php\/wp-json\/wp\/v2\/users\/1"}],"replies":[{"embeddable":true,"href":"https:\/\/acodisa.deditec.dev\/index.php\/wp-json\/wp\/v2\/comments?post=11"}],"version-history":[{"count":22,"href":"https:\/\/acodisa.deditec.dev\/index.php\/wp-json\/wp\/v2\/pages\/11\/revisions"}],"predecessor-version":[{"id":603,"href":"https:\/\/acodisa.deditec.dev\/index.php\/wp-json\/wp\/v2\/pages\/11\/revisions\/603"}],"wp:attachment":[{"href":"https:\/\/acodisa.deditec.dev\/index.php\/wp-json\/wp\/v2\/media?parent=11"}],"curies":[{"name":"wp","href":"https:\/\/api.w.org\/{rel}","templated":true}]}}